{"id":27,"date":"2016-06-01T15:07:03","date_gmt":"2016-06-01T15:07:03","guid":{"rendered":"http:\/\/perz-musikinstitut.de\/?page_id=27"},"modified":"2023-05-06T06:24:23","modified_gmt":"2023-05-06T06:24:23","slug":"27-2","status":"publish","type":"page","link":"https:\/\/perz-musikinstitut.de\/wordpress\/","title":{"rendered":"Perz Musikinstitut"},"content":{"rendered":"<div class=\"wp-block-image\">\n<figure class=\"aligncenter\"><img loading=\"lazy\" decoding=\"async\" width=\"98\" height=\"55\" src=\"http:\/\/perz-musikinstitut.de\/wordpress\/wp-content\/uploads\/2016\/06\/Bsp.jpg\" alt=\"Bsp\" class=\"wp-image-53\"\/><\/figure><\/div>\n\n\n<p>&nbsp;&nbsp;&nbsp;&nbsp;&nbsp;&nbsp;&nbsp;&nbsp;&nbsp;&nbsp;&nbsp;&nbsp;&nbsp;&nbsp;&nbsp;&nbsp;&nbsp;&nbsp;&nbsp;&nbsp;&nbsp;&nbsp;&nbsp;&nbsp;&nbsp;&nbsp;&nbsp;&nbsp;&nbsp;&nbsp;&nbsp;&nbsp;&nbsp;&nbsp;&nbsp;&nbsp;&nbsp;&nbsp;&nbsp;&nbsp;&nbsp;&nbsp;&nbsp;&nbsp;&nbsp;&nbsp;&nbsp;&nbsp;&nbsp;&nbsp;&nbsp;&nbsp;&nbsp;&nbsp;&nbsp;&nbsp;&nbsp;&nbsp;&nbsp;&nbsp;&nbsp;&nbsp;&nbsp;&nbsp;&nbsp;&nbsp;&nbsp;&nbsp;&nbsp;&nbsp;&nbsp;&nbsp;&nbsp;&nbsp;&nbsp;&nbsp;&nbsp;&nbsp;&nbsp;&nbsp;&nbsp;&nbsp;&nbsp;&nbsp;&nbsp;&nbsp;&nbsp;&nbsp;&nbsp;&nbsp;&nbsp;&nbsp;&nbsp;&nbsp;&nbsp;&nbsp;&nbsp;&nbsp;&nbsp;&nbsp;&nbsp;&nbsp;&nbsp;&nbsp;&nbsp;&nbsp;&nbsp;&nbsp;&nbsp;&nbsp;&nbsp; &#8230; \u00dcbung macht den Meister<\/p>\n\n\n\n<p><strong>Perz&nbsp;Musikinstitut f\u00fcr <\/strong><strong>Klavierunterricht + Keyboardunterricht<\/strong><\/p>\n\n\n\n<p>&#8230; langj\u00e4hriges Traditionsinstitut f\u00fcr Musik&nbsp;in 68542 Heddesheim (bei Heidelberg)<\/p>\n\n\n\n<p>&#8230; f\u00fcr Klavier &amp; Keyboard<\/p>\n\n\n<div class=\"wp-block-image\">\n<figure class=\"alignright\"><img loading=\"lazy\" decoding=\"async\" width=\"166\" height=\"145\" src=\"http:\/\/perz-musikinstitut.de\/wordpress\/wp-content\/uploads\/2016\/06\/Klavier.jpg\" alt=\"klavier\" class=\"wp-image-145\"\/><\/figure><\/div>\n\n\n<p>&#8230; von einer erfahrenen P\u00e4dagogin f\u00fcr Musik<\/p>\n\n\n\n<p>&#8230; alle Altersklassen<\/p>\n\n\n\n<p>&#8230; Rhythmisch &#8211; musikalische Fr\u00fcherziehung schon ab 2 Jahren<\/p>\n\n\n\n<p>Bei Interesse bitte melden unter <strong>Tel. 0160-155 25 17<\/strong><\/p>\n\n\n<div class=\"wp-block-image\">\n<figure class=\"alignright\"><img loading=\"lazy\" decoding=\"async\" width=\"201\" height=\"226\" src=\"http:\/\/perz-musikinstitut.de\/wordpress\/wp-content\/uploads\/2016\/06\/keyboard.jpg\" alt=\"keyboard\" class=\"wp-image-144\" srcset=\"https:\/\/perz-musikinstitut.de\/wordpress\/wp-content\/uploads\/2016\/06\/keyboard.jpg 201w, https:\/\/perz-musikinstitut.de\/wordpress\/wp-content\/uploads\/2016\/06\/keyboard-178x200.jpg 178w\" sizes=\"auto, (max-width: 201px) 100vw, 201px\" \/><\/figure><\/div>\n\n\n<p>Copyright&nbsp;by&nbsp;Perz&nbsp;Musikinstitut, 68542 Heddesheim<\/p>\n","protected":false},"excerpt":{"rendered":"<p>&nbsp;&nbsp;&nbsp;&nbsp;&nbsp;&nbsp;&nbsp;&nbsp;&nbsp;&nbsp;&nbsp;&nbsp;&nbsp;&nbsp;&nbsp;&nbsp;&nbsp;&nbsp;&nbsp;&nbsp;&nbsp;&nbsp;&nbsp;&nbsp;&nbsp;&nbsp;&nbsp;&nbsp;&nbsp;&nbsp;&nbsp;&nbsp;&nbsp;&nbsp;&nbsp;&nbsp;&nbsp;&nbsp;&nbsp;&nbsp;&nbsp;&nbsp;&nbsp;&nbsp;&nbsp;&nbsp;&nbsp;&nbsp;&nbsp;&nbsp;&nbsp;&nbsp;&nbsp;&nbsp;&nbsp;&nbsp;&nbsp;&nbsp;&nbsp;&nbsp;&nbsp;&nbsp;&nbsp;&nbsp;&nbsp;&nbsp;&nbsp;&nbsp;&nbsp;&nbsp;&nbsp;&nbsp;&nbsp;&nbsp;&nbsp;&nbsp;&nbsp;&nbsp;&nbsp;&nbsp;&nbsp;&nbsp;&nbsp;&nbsp;&nbsp;&nbsp;&nbsp;&nbsp;&nbsp;&nbsp;&nbsp;&nbsp;&nbsp;&nbsp;&nbsp;&nbsp;&nbsp;&nbsp;&nbsp;&nbsp;&nbsp;&nbsp;&nbsp;&nbsp;&nbsp;&nbsp;&nbsp;&nbsp;&nbsp;&nbsp;&nbsp; &#8230; \u00dcbung macht den Meister Perz&nbsp;Musikinstitut f\u00fcr Klavierunterricht + Keyboardunterricht &#8230; langj\u00e4hriges Traditionsinstitut f\u00fcr Musik&nbsp;in 68542 Heddesheim (bei Heidelberg) &#8230; f\u00fcr Klavier &amp; Keyboard&#8230;<\/p>\n<div class=\"more-link-wrapper\"><a class=\"more-link\" href=\"https:\/\/perz-musikinstitut.de\/wordpress\/\">Weiterlesen<span class=\"screen-reader-text\">Perz Musikinstitut<\/span><\/a><\/div>\n","protected":false},"author":2,"featured_media":0,"parent":0,"menu_order":0,"comment_status":"closed","ping_status":"closed","template":"","meta":{"iawp_total_views":0,"footnotes":""},"class_list":["post-27","page","type-page","status-publish","hentry","entry"],"_links":{"self":[{"href":"https:\/\/perz-musikinstitut.de\/wordpress\/index.php?rest_route=\/wp\/v2\/pages\/27","targetHints":{"allow":["GET"]}}],"collection":[{"href":"https:\/\/perz-musikinstitut.de\/wordpress\/index.php?rest_route=\/wp\/v2\/pages"}],"about":[{"href":"https:\/\/perz-musikinstitut.de\/wordpress\/index.php?rest_route=\/wp\/v2\/types\/page"}],"author":[{"embeddable":true,"href":"https:\/\/perz-musikinstitut.de\/wordpress\/index.php?rest_route=\/wp\/v2\/users\/2"}],"replies":[{"embeddable":true,"href":"https:\/\/perz-musikinstitut.de\/wordpress\/index.php?rest_route=%2Fwp%2Fv2%2Fcomments&post=27"}],"version-history":[{"count":26,"href":"https:\/\/perz-musikinstitut.de\/wordpress\/index.php?rest_route=\/wp\/v2\/pages\/27\/revisions"}],"predecessor-version":[{"id":205,"href":"https:\/\/perz-musikinstitut.de\/wordpress\/index.php?rest_route=\/wp\/v2\/pages\/27\/revisions\/205"}],"wp:attachment":[{"href":"https:\/\/perz-musikinstitut.de\/wordpress\/index.php?rest_route=%2Fwp%2Fv2%2Fmedia&parent=27"}],"curies":[{"name":"wp","href":"https:\/\/api.w.org\/{rel}","templated":true}]}}