{"id":179,"date":"2016-10-05T14:15:07","date_gmt":"2016-10-05T14:15:07","guid":{"rendered":"http:\/\/perz-musikinstitut.de\/?page_id=179"},"modified":"2016-10-05T14:15:07","modified_gmt":"2016-10-05T14:15:07","slug":"impressum","status":"publish","type":"page","link":"https:\/\/perz-musikinstitut.de\/wordpress\/?page_id=179","title":{"rendered":"Impressum"},"content":{"rendered":"<h2>Impressum<\/h2>\n<p>&nbsp;<\/p>\n<h3>Inhaltlich Verantwortlicher gem\u00e4\u00df \u00a7 6 MDStV<\/h3>\n<p>Alexandra Perz<br \/>\nSchriesheimerstra\u00dfe 2<br \/>\nD-68542\u00a0Heddesheim<\/p>\n<p><strong>Telefon:<\/strong> +49 (0) 160-155 25 17<\/p>\n<p><strong><em>Copyright \u00a9:<\/em><\/strong> Das Layout der Homepage, die verwendeten Grafiken und Bilder, die Sammlung sowie einzelne Beitr\u00e4ge sind urheberrechtlich gesch\u00fctzt.<\/p>\n<p>Alle Rechte, auch die der fotomechanischen Wiedergabe, der Vervielf\u00e4ltigung und der Verbreitung mittels besonderer Verfahren (zum Beispiel Datenverarbeitung, Datentr\u00e4ger und Datennetze) auch teilweise, behalten wir uns vor.<\/p>\n<p><strong><em>Haftungshinweis:<\/em><\/strong> Wir sind bestrebt, unser Webangebot aktuell, inhaltlich richtig und vollst\u00e4ndig anzubieten. Das Auftreten von Fehlern kann dennoch nicht ausgeschlossen werden. Wir \u00fcbernehmen keine Haftung f\u00fcr die Aktualit\u00e4t, den Inhalt und die Vollst\u00e4ndigkeit der in unserem Webangebot bereitgestellten Informationen, es sei denn, Fehler wurden vors\u00e4tzlich oder grob fahrl\u00e4ssig begangen.<\/p>\n<p>&nbsp;<\/p>\n<h3>Das Webangebot enth\u00e4lt Links zu anderen Webadressen im Internet.<\/h3>\n<p><strong><em>F\u00fcr alle Links gilt:<\/em><\/strong> Wir haben keinen Einfluss auf Gestaltung und Inhalte fremder Internetseiten. Wir distanzieren uns daher von allen fremden Inhalten, auch wenn von unseren Seiten\u00a0auf diese externen Seiten ein Link gesetzt wurde. Diese Erkl\u00e4rung entspricht den Anforderungen des Urteils des Landgerichts Hamburg vom 12.5.1998.<\/p>\n<p>Dieser Haftungsauschluss ist Teil unseres Internetangebotes. Sofern einzelne Formulierungen oder Teile des Textes der geltenden Rechtslage nicht entsprechen sollten, bleiben die \u00fcbrigen Teile dieser Erkl\u00e4rung davon unber\u00fchrt.<\/p>\n","protected":false},"excerpt":{"rendered":"<p>Impressum &nbsp; Inhaltlich Verantwortlicher gem\u00e4\u00df \u00a7 6 MDStV Alexandra Perz Schriesheimerstra\u00dfe 2 D-68542\u00a0Heddesheim Telefon: +49 (0) 160-155 25 17 Copyright \u00a9: Das Layout der Homepage,&#8230;<\/p>\n<div class=\"more-link-wrapper\"><a class=\"more-link\" href=\"https:\/\/perz-musikinstitut.de\/wordpress\/?page_id=179\">Weiterlesen<span class=\"screen-reader-text\">Impressum<\/span><\/a><\/div>\n","protected":false},"author":2,"featured_media":0,"parent":0,"menu_order":0,"comment_status":"closed","ping_status":"closed","template":"","meta":{"iawp_total_views":0,"footnotes":""},"class_list":["post-179","page","type-page","status-publish","hentry","entry"],"_links":{"self":[{"href":"https:\/\/perz-musikinstitut.de\/wordpress\/index.php?rest_route=\/wp\/v2\/pages\/179","targetHints":{"allow":["GET"]}}],"collection":[{"href":"https:\/\/perz-musikinstitut.de\/wordpress\/index.php?rest_route=\/wp\/v2\/pages"}],"about":[{"href":"https:\/\/perz-musikinstitut.de\/wordpress\/index.php?rest_route=\/wp\/v2\/types\/page"}],"author":[{"embeddable":true,"href":"https:\/\/perz-musikinstitut.de\/wordpress\/index.php?rest_route=\/wp\/v2\/users\/2"}],"replies":[{"embeddable":true,"href":"https:\/\/perz-musikinstitut.de\/wordpress\/index.php?rest_route=%2Fwp%2Fv2%2Fcomments&post=179"}],"version-history":[{"count":1,"href":"https:\/\/perz-musikinstitut.de\/wordpress\/index.php?rest_route=\/wp\/v2\/pages\/179\/revisions"}],"predecessor-version":[{"id":180,"href":"https:\/\/perz-musikinstitut.de\/wordpress\/index.php?rest_route=\/wp\/v2\/pages\/179\/revisions\/180"}],"wp:attachment":[{"href":"https:\/\/perz-musikinstitut.de\/wordpress\/index.php?rest_route=%2Fwp%2Fv2%2Fmedia&parent=179"}],"curies":[{"name":"wp","href":"https:\/\/api.w.org\/{rel}","templated":true}]}}